{"id":910,"date":"2022-05-15T18:25:40","date_gmt":"2022-05-15T16:25:40","guid":{"rendered":"http:\/\/demo.zantetheme.com\/?page_id=910"},"modified":"2025-05-02T08:31:30","modified_gmt":"2025-05-02T06:31:30","slug":"busquedas","status":"publish","type":"page","link":"https:\/\/losllanosdelahuerta.com\/en\/busquedas\/","title":{"rendered":"B\u00fasquedas"},"content":{"rendered":"<div class=\"eb-g-2-7 eb-g-m-1-1 eb-g-c-g-40 eb-sticky-sidebar-container\">\n<div class=\"search-filters\">\n\n  <div class=\"eb-widget eb-search-form\">\n    <h2 class=\"title\">Booking Details<\/h2>\n    <div class=\"inner\">\n      <form id=\"search_form\" class=\"booking-search-form\" action=\"\">\n        <div class=\"\">\n          \r\n<label for=\"eagle_booking_datepicker\">Check In\/Out<\/label>\r\n<input id=\"eagle_booking_datepicker\" type=\"text\" class=\"form-control eagle-booking-datepicker\" placeholder=\"Check In &nbsp;&nbsp;\u2192&nbsp;&nbsp; Check Out\" value=\"\" autocomplete=\"off\" readonly>\r\n<input id=\"eagle_booking_checkin\" type=\"hidden\" name=\"\">\r\n<input id=\"eagle_booking_checkout\" type=\"hidden\" name=\"\">\r\n\r\n        <\/div>\n        <div class=\"\">\n          \r\n<label for=\"eagle_booking_guests\">Guests<\/label>\r\n<div class=\"eb-guestspicker\">\r\n\r\n  <div class=\"form-control guestspicker\">\r\n    Guests <span class=\"gueststotal\"><\/span>\r\n  <\/div>\r\n\r\n  <div class=\"eb-guestspicker-content\">\r\n\r\n    \r\n      <div class=\"guests-buttons\">\r\n        <div class=\"description\">\r\n          <label>Guests<\/label>\r\n        <\/div>\r\n        <div class=\"guests-button\">\r\n          <div class=\"minus\"><\/div>\r\n          <input type=\"text\" id =\"eagle_booking_guests\" name=\"eb_guests\" class=\"booking-guests\" value=\"1\" min=\"1\" max=\"12\">\r\n          <div class=\"plus\"><\/div>\r\n        <\/div>\r\n      <\/div>\r\n\r\n    \r\n  <\/div>\r\n<\/div>\r\n        <\/div>\n      <input type=\"hidden\" name=\"trp-form-language\" value=\"en\"\/><\/form>\n    <\/div>\n  <\/div>\n\n\n<\/div>\t\t\n\t\t<div>\n<div class=\"rooms-bar\">\n  <span class=\"total-rooms\">\n  You found <strong id=\"results-number\">3<\/strong> houses from    <span class=\"price-amount\">100,00<\/span><span class=\"price-currency\">\u20ac<\/span>  <\/span>\n\n  <span class=\"rooms-view-sorting\">\n    <!-- <span class=\"rooms-view\">\n      <a href=\"#\" class=\"grid-btn\"><i class=\"fa fa-list\" aria-hidden=\"true\"><\/i><\/a>\n      <a href=\"#\" class=\"grid-btn active\"><i class=\"fa fa-th\" aria-hidden=\"true\"><\/i><\/a>\n    <\/span> -->\n    <span class=\"eb-dropdown eb-rooms-sorting\">\n\n      <div id=\"eagle_booking_active_sorting\" class=\"eb-dropdown-toggle\">Sort by: Default<\/div>\n\n      <ul id=\"eagle_booking_search_sorting\" class=\"eb-dropdown-menu\">\n        <li class=\"sorting_option\">\n          <a class=\"search_sorting\" data-meta-key=\"eagle_booking_mtb_room_price_min\" data-order=\"ASC\">Sort by: Lowest Price<\/a>\n        <\/li>\n        <li class=\"sorting_option\">\n          <a class=\"search_sorting\" data-meta-key=\"eagle_booking_mtb_room_price_min\" data-order=\"DESC\">Sort by: Highest Price<\/a>\n        <\/li>\n        <li class=\"sorting_option\">\n          <a class=\"search_sorting\" data-meta-key=\"\" data-order=\"\">Sort by: Default<\/a>\n        <\/li>\n      <\/ul>\n\n    <\/span>\n  <\/span>\n<\/div>\n\n\t\t\t<div id=\"eagle_booking_rooms_list\"> \n\t\t\t\t<div id=\"eagle_booking_search_results\">\n\n\t\t\t\t\t<input type=\"hidden\" name=\"eagle_booking_results_qnt\" id=\"eagle_booking_results_qnt\"  value=\"3\">\n<div id=\"eb-search-room-2598\" class=\"room-list-item\">\n  <div class=\"room-list-item-grid\">\n      <figure>\n        <a href=\"https:\/\/losllanosdelahuerta.com\/en\/casa\/casa-mandarina\/\">\n\n          \n                      <img decoding=\"async\" src=\"https:\/\/losllanosdelahuerta.com\/wp-content\/uploads\/2022\/07\/los-llanos-de-la-huerta-reserva-25-mandarina-720x470.jpg\" alt=\"Casa Mandarina\" loading=\"lazy\">\n          \n        <\/a>\n      <\/figure>\n\n      <div class=\"room-details\">\n        <h2 class=\"title\">\n          <a href=\"https:\/\/losllanosdelahuerta.com\/en\/casa\/casa-mandarina\/\">Mandarina House<\/a>\n        <\/h2>\n        <p>Mandarina House, for 4 people, discover all its details!<\/p>\n        \r\n<div class=\"room-services\">\r\n  <div class=\"dragscroll\">\r\n        <div class=\"room-service-item\" data-toggle=\"popover\" data-placement=\"top\" data-trigger=\"hover\" data-content=\"\" data-original-title=\"Aparcamiento\">\r\n              <i class=\"fas fa-car-side\"><\/i>\r\n            <\/div>\r\n            <div class=\"room-service-item\" data-toggle=\"popover\" data-placement=\"top\" data-trigger=\"hover\" data-content=\"\" data-original-title=\"Televisor\">\r\n              <i class=\"fas fa-tv\"><\/i>\r\n            <\/div>\r\n            <div class=\"room-service-item\" data-toggle=\"popover\" data-placement=\"top\" data-trigger=\"hover\" data-content=\"\" data-original-title=\"Aire Acondicionado\">\r\n              <i class=\"fas fa-temperature-low\"><\/i>\r\n            <\/div>\r\n            <div class=\"room-service-item\" data-toggle=\"popover\" data-placement=\"top\" data-trigger=\"hover\" data-content=\"Wi-Fi Included\" data-original-title=\"Wi-Fi\">\r\n              <i class=\"fa fa-wifi\"><\/i>\r\n            <\/div>\r\n            <div class=\"room-service-item\" data-toggle=\"popover\" data-placement=\"top\" data-trigger=\"hover\" data-content=\"\" data-original-title=\"Chimenea\">\r\n              <i class=\"fab fa-hotjar\"><\/i>\r\n            <\/div>\r\n            <div class=\"room-service-item\" data-toggle=\"popover\" data-placement=\"top\" data-trigger=\"hover\" data-content=\"\" data-original-title=\"Barbacoa\">\r\n              <i class=\"fas fa-hotdog\"><\/i>\r\n            <\/div>\r\n            <div class=\"room-service-item\" data-toggle=\"popover\" data-placement=\"top\" data-trigger=\"hover\" data-content=\"\" data-original-title=\"Ba\u00f1os exteriores con duchas\">\r\n              <i class=\"fas fa-shower\"><\/i>\r\n            <\/div>\r\n            <div class=\"room-service-item\" data-toggle=\"popover\" data-placement=\"top\" data-trigger=\"hover\" data-content=\"\" data-original-title=\"Piscina de agua salada (mayo-septiembre)\">\r\n              <i class=\"fas fa-swimming-pool\"><\/i>\r\n            <\/div>\r\n            <div class=\"room-service-item\" data-toggle=\"popover\" data-placement=\"top\" data-trigger=\"hover\" data-content=\"\" data-original-title=\"Camas balinesas zona Chill Out (mayo-septiembre)\">\r\n              <i class=\"fas fa-spa\"><\/i>\r\n            <\/div>\r\n            <div class=\"room-service-item\" data-toggle=\"popover\" data-placement=\"top\" data-trigger=\"hover\" data-content=\"\" data-original-title=\"Jacuzzi Exterior (mayo-septiembre)\">\r\n              <i class=\"fas fa-spa\"><\/i>\r\n            <\/div>\r\n      \r\n      \r\n<\/div>\r\n<\/div>\r\n      <\/div>\n      \n<div class=\"room-price-details\">\n  <div class=\"room-price-search\">\n\n    \n          \n          <div class=\"select-booking-dates-notice\" id=\"select-booking-dates\">Select Booking Dates<\/div>\n          \n      \n      <\/div>\n\n              <div class=\"toggle-room-breakpoint room-more-details\">\n          Availability & Details <i class=\"fa fa-angle-down\" aria-hidden=\"true\"><\/i>\n        <\/div>\n      \n    <\/div>\n  <\/div>\n  \n<div class=\"room-quick-details\">\n  \r\n\r\n\r\n  <div class=\"room-services-list\">\r\n    <h6 class=\"section-title\">Included Services<\/h6>\r\n    <div class=\"eb-g-3 eb-g-m-2 mt30\">\r\n              <div class=\"room-services-item\">\r\n                      <i class=\"fas fa-car-side\"><\/i>\r\n                    Indoor parking        <\/div>\r\n                <div class=\"room-services-item\">\r\n                      <i class=\"fas fa-tv\"><\/i>\r\n                    TV        <\/div>\r\n                <div class=\"room-services-item\">\r\n                      <i class=\"fas fa-temperature-low\"><\/i>\r\n                    Air-conditioning        <\/div>\r\n                <div class=\"room-services-item\">\r\n                      <i class=\"fa fa-wifi\"><\/i>\r\n                    Wi-Fi        <\/div>\r\n                <div class=\"room-services-item\">\r\n                      <i class=\"fab fa-hotjar\"><\/i>\r\n                    A fireplace        <\/div>\r\n                <div class=\"room-services-item\">\r\n                      <i class=\"fas fa-hotdog\"><\/i>\r\n                    BBQ        <\/div>\r\n                <div class=\"room-services-item\">\r\n                      <i class=\"fas fa-shower\"><\/i>\r\n                    Outdoor bathrooms with showers        <\/div>\r\n                <div class=\"room-services-item\">\r\n                      <i class=\"fas fa-swimming-pool\"><\/i>\r\n                    Piscina de agua salada (mayo-septiembre)        <\/div>\r\n                <div class=\"room-services-item\">\r\n                      <i class=\"fas fa-spa\"><\/i>\r\n                    Camas balinesas zona Chill Out (mayo-septiembre)        <\/div>\r\n                <div class=\"room-services-item\">\r\n                      <i class=\"fas fa-spa\"><\/i>\r\n                    Jacuzzi Exterior (mayo-septiembre)        <\/div>\r\n            <\/div>\r\n  <\/div>\r\n\r\n  \r\n\r\n<\/div>\n<\/div>\n\n<div id=\"eb-search-room-2596\" class=\"room-list-item\">\n  <div class=\"room-list-item-grid\">\n      <figure>\n        <a href=\"https:\/\/losllanosdelahuerta.com\/en\/casa\/casa-navelina\/\">\n\n          \n                      <img decoding=\"async\" src=\"https:\/\/losllanosdelahuerta.com\/wp-content\/uploads\/2022\/06\/los-llanos-de-la-huerta-reserva-21-navelina-720x470.jpg\" alt=\"Casa Navelina\" loading=\"lazy\">\n          \n        <\/a>\n      <\/figure>\n\n      <div class=\"room-details\">\n        <h2 class=\"title\">\n          <a href=\"https:\/\/losllanosdelahuerta.com\/en\/casa\/casa-navelina\/\">Navelina House<\/a>\n        <\/h2>\n        <p>Navelina House, for 4 people, discover all its details!<\/p>\n        \r\n<div class=\"room-services\">\r\n  <div class=\"dragscroll\">\r\n        <div class=\"room-service-item\" data-toggle=\"popover\" data-placement=\"top\" data-trigger=\"hover\" data-content=\"\" data-original-title=\"Aparcamiento\">\r\n              <i class=\"fas fa-car-side\"><\/i>\r\n            <\/div>\r\n            <div class=\"room-service-item\" data-toggle=\"popover\" data-placement=\"top\" data-trigger=\"hover\" data-content=\"\" data-original-title=\"Televisor\">\r\n              <i class=\"fas fa-tv\"><\/i>\r\n            <\/div>\r\n            <div class=\"room-service-item\" data-toggle=\"popover\" data-placement=\"top\" data-trigger=\"hover\" data-content=\"\" data-original-title=\"Aire Acondicionado\">\r\n              <i class=\"fas fa-temperature-low\"><\/i>\r\n            <\/div>\r\n            <div class=\"room-service-item\" data-toggle=\"popover\" data-placement=\"top\" data-trigger=\"hover\" data-content=\"Wi-Fi Included\" data-original-title=\"Wi-Fi\">\r\n              <i class=\"fa fa-wifi\"><\/i>\r\n            <\/div>\r\n            <div class=\"room-service-item\" data-toggle=\"popover\" data-placement=\"top\" data-trigger=\"hover\" data-content=\"\" data-original-title=\"Chimenea\">\r\n              <i class=\"fab fa-hotjar\"><\/i>\r\n            <\/div>\r\n            <div class=\"room-service-item\" data-toggle=\"popover\" data-placement=\"top\" data-trigger=\"hover\" data-content=\"\" data-original-title=\"Barbacoa\">\r\n              <i class=\"fas fa-hotdog\"><\/i>\r\n            <\/div>\r\n            <div class=\"room-service-item\" data-toggle=\"popover\" data-placement=\"top\" data-trigger=\"hover\" data-content=\"\" data-original-title=\"Ba\u00f1os exteriores con duchas\">\r\n              <i class=\"fas fa-shower\"><\/i>\r\n            <\/div>\r\n            <div class=\"room-service-item\" data-toggle=\"popover\" data-placement=\"top\" data-trigger=\"hover\" data-content=\"Sauna Included\" data-original-title=\"Sauna (de octubre a abril)\">\r\n              <i class=\"\"><\/i>\r\n            <\/div>\r\n            <div class=\"room-service-item\" data-toggle=\"popover\" data-placement=\"top\" data-trigger=\"hover\" data-content=\"\" data-original-title=\"Piscina de agua salada (mayo-septiembre)\">\r\n              <i class=\"fas fa-swimming-pool\"><\/i>\r\n            <\/div>\r\n            <div class=\"room-service-item\" data-toggle=\"popover\" data-placement=\"top\" data-trigger=\"hover\" data-content=\"\" data-original-title=\"Camas balinesas zona Chill Out (mayo-septiembre)\">\r\n              <i class=\"fas fa-spa\"><\/i>\r\n            <\/div>\r\n            <div class=\"room-service-item\" data-toggle=\"popover\" data-placement=\"top\" data-trigger=\"hover\" data-content=\"\" data-original-title=\"Jacuzzi Exterior (mayo-septiembre)\">\r\n              <i class=\"fas fa-spa\"><\/i>\r\n            <\/div>\r\n      \r\n      \r\n<\/div>\r\n<\/div>\r\n      <\/div>\n      \n<div class=\"room-price-details\">\n  <div class=\"room-price-search\">\n\n    \n          \n          <div class=\"select-booking-dates-notice\" id=\"select-booking-dates\">Select Booking Dates<\/div>\n          \n      \n      <\/div>\n\n              <div class=\"toggle-room-breakpoint room-more-details\">\n          Availability & Details <i class=\"fa fa-angle-down\" aria-hidden=\"true\"><\/i>\n        <\/div>\n      \n    <\/div>\n  <\/div>\n  \n<div class=\"room-quick-details\">\n  \r\n\r\n\r\n  <div class=\"room-services-list\">\r\n    <h6 class=\"section-title\">Included Services<\/h6>\r\n    <div class=\"eb-g-3 eb-g-m-2 mt30\">\r\n              <div class=\"room-services-item\">\r\n                      <i class=\"fas fa-car-side\"><\/i>\r\n                    Indoor parking        <\/div>\r\n                <div class=\"room-services-item\">\r\n                      <i class=\"fas fa-tv\"><\/i>\r\n                    TV        <\/div>\r\n                <div class=\"room-services-item\">\r\n                      <i class=\"fas fa-temperature-low\"><\/i>\r\n                    Air-conditioning        <\/div>\r\n                <div class=\"room-services-item\">\r\n                      <i class=\"fa fa-wifi\"><\/i>\r\n                    Wi-Fi        <\/div>\r\n                <div class=\"room-services-item\">\r\n                      <i class=\"fab fa-hotjar\"><\/i>\r\n                    A fireplace        <\/div>\r\n                <div class=\"room-services-item\">\r\n                      <i class=\"fas fa-hotdog\"><\/i>\r\n                    BBQ        <\/div>\r\n                <div class=\"room-services-item\">\r\n                      <i class=\"fas fa-shower\"><\/i>\r\n                    Outdoor bathrooms with showers        <\/div>\r\n                <div class=\"room-services-item\">\r\n                      <i class=\"\"><\/i>\r\n                    Sauna (from October to April)        <\/div>\r\n                <div class=\"room-services-item\">\r\n                      <i class=\"fas fa-swimming-pool\"><\/i>\r\n                    Piscina de agua salada (mayo-septiembre)        <\/div>\r\n                <div class=\"room-services-item\">\r\n                      <i class=\"fas fa-spa\"><\/i>\r\n                    Camas balinesas zona Chill Out (mayo-septiembre)        <\/div>\r\n                <div class=\"room-services-item\">\r\n                      <i class=\"fas fa-spa\"><\/i>\r\n                    Jacuzzi Exterior (mayo-septiembre)        <\/div>\r\n            <\/div>\r\n  <\/div>\r\n\r\n  \r\n\r\n<\/div>\n<\/div>\n\n<div id=\"eb-search-room-2591\" class=\"room-list-item\">\n  <div class=\"room-list-item-grid\">\n      <figure>\n        <a href=\"https:\/\/losllanosdelahuerta.com\/en\/casa\/casa-clementina\/\">\n\n          \n                      <img decoding=\"async\" src=\"https:\/\/losllanosdelahuerta.com\/wp-content\/uploads\/2022\/07\/los-llanos-de-la-huerta-reserva-32-clemetina-720x470.jpg\" alt=\"Casa Clementina\" loading=\"lazy\">\n          \n        <\/a>\n      <\/figure>\n\n      <div class=\"room-details\">\n        <h2 class=\"title\">\n          <a href=\"https:\/\/losllanosdelahuerta.com\/en\/casa\/casa-clementina\/\">Clementina House<\/a>\n        <\/h2>\n        <p>Clementina House, for 4 people, discover all its details!<\/p>\n        \r\n<div class=\"room-services\">\r\n  <div class=\"dragscroll\">\r\n        <div class=\"room-service-item\" data-toggle=\"popover\" data-placement=\"top\" data-trigger=\"hover\" data-content=\"\" data-original-title=\"Aparcamiento\">\r\n              <i class=\"fas fa-car-side\"><\/i>\r\n            <\/div>\r\n            <div class=\"room-service-item\" data-toggle=\"popover\" data-placement=\"top\" data-trigger=\"hover\" data-content=\"\" data-original-title=\"Televisor\">\r\n              <i class=\"fas fa-tv\"><\/i>\r\n            <\/div>\r\n            <div class=\"room-service-item\" data-toggle=\"popover\" data-placement=\"top\" data-trigger=\"hover\" data-content=\"\" data-original-title=\"Aire Acondicionado\">\r\n              <i class=\"fas fa-temperature-low\"><\/i>\r\n            <\/div>\r\n            <div class=\"room-service-item\" data-toggle=\"popover\" data-placement=\"top\" data-trigger=\"hover\" data-content=\"Wi-Fi Included\" data-original-title=\"Wi-Fi\">\r\n              <i class=\"fa fa-wifi\"><\/i>\r\n            <\/div>\r\n            <div class=\"room-service-item\" data-toggle=\"popover\" data-placement=\"top\" data-trigger=\"hover\" data-content=\"\" data-original-title=\"Chimenea\">\r\n              <i class=\"fab fa-hotjar\"><\/i>\r\n            <\/div>\r\n            <div class=\"room-service-item\" data-toggle=\"popover\" data-placement=\"top\" data-trigger=\"hover\" data-content=\"\" data-original-title=\"Barbacoa\">\r\n              <i class=\"fas fa-hotdog\"><\/i>\r\n            <\/div>\r\n            <div class=\"room-service-item\" data-toggle=\"popover\" data-placement=\"top\" data-trigger=\"hover\" data-content=\"\" data-original-title=\"Ba\u00f1os exteriores con duchas\">\r\n              <i class=\"fas fa-shower\"><\/i>\r\n            <\/div>\r\n            <div class=\"room-service-item\" data-toggle=\"popover\" data-placement=\"top\" data-trigger=\"hover\" data-content=\"\" data-original-title=\"Piscina de agua salada (mayo-septiembre)\">\r\n              <i class=\"fas fa-swimming-pool\"><\/i>\r\n            <\/div>\r\n            <div class=\"room-service-item\" data-toggle=\"popover\" data-placement=\"top\" data-trigger=\"hover\" data-content=\"\" data-original-title=\"Camas balinesas zona Chill Out (mayo-septiembre)\">\r\n              <i class=\"fas fa-spa\"><\/i>\r\n            <\/div>\r\n            <div class=\"room-service-item\" data-toggle=\"popover\" data-placement=\"top\" data-trigger=\"hover\" data-content=\"\" data-original-title=\"Jacuzzi Exterior (mayo-septiembre)\">\r\n              <i class=\"fas fa-spa\"><\/i>\r\n            <\/div>\r\n      \r\n      \r\n<\/div>\r\n<\/div>\r\n      <\/div>\n      \n<div class=\"room-price-details\">\n  <div class=\"room-price-search\">\n\n    \n          \n          <div class=\"select-booking-dates-notice\" id=\"select-booking-dates\">Select Booking Dates<\/div>\n          \n      \n      <\/div>\n\n              <div class=\"toggle-room-breakpoint room-more-details\">\n          Availability & Details <i class=\"fa fa-angle-down\" aria-hidden=\"true\"><\/i>\n        <\/div>\n      \n    <\/div>\n  <\/div>\n  \n<div class=\"room-quick-details\">\n  \r\n\r\n\r\n  <div class=\"room-services-list\">\r\n    <h6 class=\"section-title\">Included Services<\/h6>\r\n    <div class=\"eb-g-3 eb-g-m-2 mt30\">\r\n              <div class=\"room-services-item\">\r\n                      <i class=\"fas fa-car-side\"><\/i>\r\n                    Indoor parking        <\/div>\r\n                <div class=\"room-services-item\">\r\n                      <i class=\"fas fa-tv\"><\/i>\r\n                    TV        <\/div>\r\n                <div class=\"room-services-item\">\r\n                      <i class=\"fas fa-temperature-low\"><\/i>\r\n                    Air-conditioning        <\/div>\r\n                <div class=\"room-services-item\">\r\n                      <i class=\"fa fa-wifi\"><\/i>\r\n                    Wi-Fi        <\/div>\r\n                <div class=\"room-services-item\">\r\n                      <i class=\"fab fa-hotjar\"><\/i>\r\n                    A fireplace        <\/div>\r\n                <div class=\"room-services-item\">\r\n                      <i class=\"fas fa-hotdog\"><\/i>\r\n                    BBQ        <\/div>\r\n                <div class=\"room-services-item\">\r\n                      <i class=\"fas fa-shower\"><\/i>\r\n                    Outdoor bathrooms with showers        <\/div>\r\n                <div class=\"room-services-item\">\r\n                      <i class=\"fas fa-swimming-pool\"><\/i>\r\n                    Piscina de agua salada (mayo-septiembre)        <\/div>\r\n                <div class=\"room-services-item\">\r\n                      <i class=\"fas fa-spa\"><\/i>\r\n                    Camas balinesas zona Chill Out (mayo-septiembre)        <\/div>\r\n                <div class=\"room-services-item\">\r\n                      <i class=\"fas fa-spa\"><\/i>\r\n                    Jacuzzi Exterior (mayo-septiembre)        <\/div>\r\n            <\/div>\r\n  <\/div>\r\n\r\n  \r\n\r\n<\/div>\n<\/div>\n\n\n\t\t\t\t<\/div>\n\t\t\t<\/div>\n    \t<\/div>\n  <\/div>","protected":false},"excerpt":{"rendered":"Alojamiento Rural en C\u00e1diz Casa Clementina \u00bfInteresado en pasar tus vacaciones en Los Llanos de la Huerta? Sigue leyendo, te contamos todo lo que puedes encontrar en nuestra Casa Clementina: Sal\u00f3n-Comedor Cocina completamente equipada Dos dormitorios con camas de 1.50 Un ba\u00f1o Chimenea Wifi Televisi\u00f3n Climatizaci\u00f3n Porche Capacidad m\u00e1xima 4 personas Zonas comunes: Piscina de [...]","protected":false},"author":1,"featured_media":0,"parent":0,"menu_order":0,"comment_status":"closed","ping_status":"closed","template":"","meta":{"_joinchat":[],"footnotes":""},"class_list":["post-910","page","type-page","status-publish","hentry"],"yoast_head":"<!-- This site is optimized with the Yoast SEO plugin v25.0 - https:\/\/yoast.com\/wordpress\/plugins\/seo\/ -->\n<title>B\u00fasquedas - Los Llanos de la Huerta<\/title>\n<meta name=\"robots\" content=\"noindex, nofollow\" \/>\n<meta property=\"og:locale\" content=\"en_GB\" \/>\n<meta property=\"og:type\" content=\"article\" \/>\n<meta property=\"og:title\" content=\"B\u00fasquedas - Los Llanos de la Huerta\" \/>\n<meta property=\"og:url\" content=\"https:\/\/losllanosdelahuerta.com\/en\/busquedas\/\" \/>\n<meta property=\"og:site_name\" content=\"Los Llanos de la Huerta\" \/>\n<meta property=\"article:modified_time\" content=\"2025-05-02T06:31:30+00:00\" \/>\n<meta name=\"twitter:card\" content=\"summary_large_image\" \/>\n<meta name=\"twitter:label1\" content=\"Estimated reading time\" \/>\n\t<meta name=\"twitter:data1\" content=\"1 minute\" \/>\n<script type=\"application\/ld+json\" class=\"yoast-schema-graph\">{\"@context\":\"https:\/\/schema.org\",\"@graph\":[{\"@type\":\"WebPage\",\"@id\":\"https:\/\/losllanosdelahuerta.com\/busquedas\/\",\"url\":\"https:\/\/losllanosdelahuerta.com\/busquedas\/\",\"name\":\"B\u00fasquedas - Los Llanos de la Huerta\",\"isPartOf\":{\"@id\":\"http:\/\/losllanosdelahuerta.com\/#website\"},\"datePublished\":\"2022-05-15T16:25:40+00:00\",\"dateModified\":\"2025-05-02T06:31:30+00:00\",\"breadcrumb\":{\"@id\":\"https:\/\/losllanosdelahuerta.com\/busquedas\/#breadcrumb\"},\"inLanguage\":\"en-GB\",\"potentialAction\":[{\"@type\":\"ReadAction\",\"target\":[\"https:\/\/losllanosdelahuerta.com\/busquedas\/\"]}]},{\"@type\":\"BreadcrumbList\",\"@id\":\"https:\/\/losllanosdelahuerta.com\/busquedas\/#breadcrumb\",\"itemListElement\":[{\"@type\":\"ListItem\",\"position\":1,\"name\":\"Portada\",\"item\":\"https:\/\/losllanosdelahuerta.com\/en\/\"},{\"@type\":\"ListItem\",\"position\":2,\"name\":\"B\u00fasquedas\"}]},{\"@type\":\"WebSite\",\"@id\":\"http:\/\/losllanosdelahuerta.com\/#website\",\"url\":\"http:\/\/losllanosdelahuerta.com\/\",\"name\":\"Los Llanos de la Huerta\",\"description\":\"\",\"potentialAction\":[{\"@type\":\"SearchAction\",\"target\":{\"@type\":\"EntryPoint\",\"urlTemplate\":\"http:\/\/losllanosdelahuerta.com\/?s={search_term_string}\"},\"query-input\":{\"@type\":\"PropertyValueSpecification\",\"valueRequired\":true,\"valueName\":\"search_term_string\"}}],\"inLanguage\":\"en-GB\"}]}<\/script>\n<!-- \/ Yoast SEO plugin. -->","yoast_head_json":{"title":"B\u00fasquedas - Los Llanos de la Huerta","robots":{"index":"noindex","follow":"nofollow"},"og_locale":"en_GB","og_type":"article","og_title":"B\u00fasquedas - Los Llanos de la Huerta","og_url":"https:\/\/losllanosdelahuerta.com\/en\/busquedas\/","og_site_name":"Los Llanos de la Huerta","article_modified_time":"2025-05-02T06:31:30+00:00","twitter_card":"summary_large_image","twitter_misc":{"Estimated reading time":"1 minute"},"schema":{"@context":"https:\/\/schema.org","@graph":[{"@type":"WebPage","@id":"https:\/\/losllanosdelahuerta.com\/busquedas\/","url":"https:\/\/losllanosdelahuerta.com\/busquedas\/","name":"B\u00fasquedas - Los Llanos de la Huerta","isPartOf":{"@id":"http:\/\/losllanosdelahuerta.com\/#website"},"datePublished":"2022-05-15T16:25:40+00:00","dateModified":"2025-05-02T06:31:30+00:00","breadcrumb":{"@id":"https:\/\/losllanosdelahuerta.com\/busquedas\/#breadcrumb"},"inLanguage":"en-GB","potentialAction":[{"@type":"ReadAction","target":["https:\/\/losllanosdelahuerta.com\/busquedas\/"]}]},{"@type":"BreadcrumbList","@id":"https:\/\/losllanosdelahuerta.com\/busquedas\/#breadcrumb","itemListElement":[{"@type":"ListItem","position":1,"name":"Portada","item":"https:\/\/losllanosdelahuerta.com\/en\/"},{"@type":"ListItem","position":2,"name":"B\u00fasquedas"}]},{"@type":"WebSite","@id":"http:\/\/losllanosdelahuerta.com\/#website","url":"http:\/\/losllanosdelahuerta.com\/","name":"Los Llanos de la Huerta","description":"","potentialAction":[{"@type":"SearchAction","target":{"@type":"EntryPoint","urlTemplate":"http:\/\/losllanosdelahuerta.com\/?s={search_term_string}"},"query-input":{"@type":"PropertyValueSpecification","valueRequired":true,"valueName":"search_term_string"}}],"inLanguage":"en-GB"}]}},"_links":{"self":[{"href":"https:\/\/losllanosdelahuerta.com\/en\/wp-json\/wp\/v2\/pages\/910","targetHints":{"allow":["GET"]}}],"collection":[{"href":"https:\/\/losllanosdelahuerta.com\/en\/wp-json\/wp\/v2\/pages"}],"about":[{"href":"https:\/\/losllanosdelahuerta.com\/en\/wp-json\/wp\/v2\/types\/page"}],"author":[{"embeddable":true,"href":"https:\/\/losllanosdelahuerta.com\/en\/wp-json\/wp\/v2\/users\/1"}],"replies":[{"embeddable":true,"href":"https:\/\/losllanosdelahuerta.com\/en\/wp-json\/wp\/v2\/comments?post=910"}],"version-history":[{"count":2,"href":"https:\/\/losllanosdelahuerta.com\/en\/wp-json\/wp\/v2\/pages\/910\/revisions"}],"predecessor-version":[{"id":2364,"href":"https:\/\/losllanosdelahuerta.com\/en\/wp-json\/wp\/v2\/pages\/910\/revisions\/2364"}],"wp:attachment":[{"href":"https:\/\/losllanosdelahuerta.com\/en\/wp-json\/wp\/v2\/media?parent=910"}],"curies":[{"name":"wp","href":"https:\/\/api.w.org\/{rel}","templated":true}]}}