{"id":361,"date":"2022-05-21T18:14:01","date_gmt":"2022-05-21T16:14:01","guid":{"rendered":"http:\/\/demo.zantetheme.com\/?page_id=361"},"modified":"2022-06-30T12:31:08","modified_gmt":"2022-06-30T10:31:08","slug":"rutas-de-interes","status":"publish","type":"page","link":"https:\/\/losllanosdelahuerta.com\/en\/rutas-de-interes\/","title":{"rendered":"Interesting Routes"},"content":{"rendered":"<div class=\"vc_row wpb_row vc_row-fluid\"><div class=\"wpb_column vc_column_container vc_col-sm-12\"><div class=\"vc_column-inner\"><div class=\"wpb_wrapper\">\t\t\t<div\r\n\t\t\t\tclass=\"main_title  text-left\">\r\n\t\t\t\t<h2 class=\"title\">Interesting routes Arcos de la Frontera<\/h2>\r\n\t\t\t\t\t\t\t\t\t<p class=\"main_description\">What to see near the Llanos de la Huerta? We suggest you some getaways to cities and villages near our rural accommodation in Arcos de la Frontera.<\/p>\r\n\t\t\t\t\t\t\t<\/div>\r\n\t\t<\/div><\/div><\/div><\/div><div class=\"vc_row wpb_row vc_row-fluid\"><div class=\"wpb_column vc_column_container vc_col-sm-12\"><div class=\"vc_column-inner\"><div class=\"wpb_wrapper\">\r\n            <div class=\"row\">\r\n\t                                      <!-- places ITEM -->\r\n                      <div class=\"col-lg-4 col-sm-6\">\r\n                        <div class=\"place-item\">\r\n                        <figure class=\"gradient-overlay zoom-hover\">\r\n                          <a href=\"https:\/\/losllanosdelahuerta.com\/en\/lugares\/arcos-de-la-frontera\/\">\r\n                            <img decoding=\"async\" src=\"https:\/\/losllanosdelahuerta.com\/wp-content\/uploads\/2018\/03\/los-llanos-de-la-huerta-rutas-interes-arcos-720x470.jpg\" class=\"img-responsive\">\r\n                            <div class=\"place-name\">\r\n                              <h3>Arcos de la Frontera<\/h3>\r\n                            <\/div>\r\n                          <\/a>\r\n                        <\/figure>\r\n                      <\/div>\r\n                    <\/div>\r\n\r\n\t                                      <!-- places ITEM -->\r\n                      <div class=\"col-lg-4 col-sm-6\">\r\n                        <div class=\"place-item\">\r\n                        <figure class=\"gradient-overlay zoom-hover\">\r\n                          <a href=\"https:\/\/losllanosdelahuerta.com\/en\/lugares\/bornos\/\">\r\n                            <img decoding=\"async\" src=\"https:\/\/losllanosdelahuerta.com\/wp-content\/uploads\/2022\/06\/los-llanos-de-la-huerta-rutas-interes-bornos-720x470.jpg\" class=\"img-responsive\">\r\n                            <div class=\"place-name\">\r\n                              <h3>Bornos (at approximately 14km)<\/h3>\r\n                            <\/div>\r\n                          <\/a>\r\n                        <\/figure>\r\n                      <\/div>\r\n                    <\/div>\r\n\r\n\t                                      <!-- places ITEM -->\r\n                      <div class=\"col-lg-4 col-sm-6\">\r\n                        <div class=\"place-item\">\r\n                        <figure class=\"gradient-overlay zoom-hover\">\r\n                          <a href=\"https:\/\/losllanosdelahuerta.com\/en\/lugares\/medina-sidonia\/\">\r\n                            <img decoding=\"async\" src=\"https:\/\/losllanosdelahuerta.com\/wp-content\/uploads\/2022\/06\/los-llanos-de-la-huerta-rutas-interes-medinasidonia-720x470.jpg\" class=\"img-responsive\">\r\n                            <div class=\"place-name\">\r\n                              <h3>Medina Sidonia (at approximately 45km)<\/h3>\r\n                            <\/div>\r\n                          <\/a>\r\n                        <\/figure>\r\n                      <\/div>\r\n                    <\/div>\r\n\r\n\t                                      <!-- places ITEM -->\r\n                      <div class=\"col-lg-4 col-sm-6\">\r\n                        <div class=\"place-item\">\r\n                        <figure class=\"gradient-overlay zoom-hover\">\r\n                          <a href=\"https:\/\/losllanosdelahuerta.com\/en\/lugares\/jerez-de-la-frontera\/\">\r\n                            <img decoding=\"async\" src=\"https:\/\/losllanosdelahuerta.com\/wp-content\/uploads\/2022\/06\/losllanosdelahuerta-que-visitar-en-jerez-3-720x470.jpg\" class=\"img-responsive\">\r\n                            <div class=\"place-name\">\r\n                              <h3>Jerez de la Frontera (at approximately 49km)<\/h3>\r\n                            <\/div>\r\n                          <\/a>\r\n                        <\/figure>\r\n                      <\/div>\r\n                    <\/div>\r\n\r\n\t                                      <!-- places ITEM -->\r\n                      <div class=\"col-lg-4 col-sm-6\">\r\n                        <div class=\"place-item\">\r\n                        <figure class=\"gradient-overlay zoom-hover\">\r\n                          <a href=\"https:\/\/losllanosdelahuerta.com\/en\/lugares\/alcala-de-los-gazules\/\">\r\n                            <img decoding=\"async\" src=\"https:\/\/losllanosdelahuerta.com\/wp-content\/uploads\/2022\/06\/los-llanos-de-la-huerta-rutas-interes-alcala-gazules-720x470.jpg\" class=\"img-responsive\">\r\n                            <div class=\"place-name\">\r\n                              <h3>Alcal\u00e1 de los Gazules (at approximately 49km)<\/h3>\r\n                            <\/div>\r\n                          <\/a>\r\n                        <\/figure>\r\n                      <\/div>\r\n                    <\/div>\r\n\r\n\t                \t                            <\/div>\r\n\r\n        <div class=\"vc_empty_space\"   style=\"height: 70px\"><span class=\"vc_empty_space_inner\"><\/span><\/div>\t\t\t<div\r\n\t\t\t\tclass=\"main_title  text-left\">\r\n\t\t\t\t<h2 class=\"title\">Hiking in and around Arcos de la Frontera<\/h2>\r\n\t\t\t\t\t\t\t\t\t<p class=\"main_description\">Are you an adventure lover? If you are passionate about routes, nature and discovering new places, don't miss the hiking routes in Arcos de la Frontera and surroundings that we have prepared for you:<\/p>\r\n\t\t\t\t\t\t\t<\/div>\r\n\t\t\r\n            <div class=\"row\">\r\n\t                                      <!-- places ITEM -->\r\n                      <div class=\"col-lg-3 col-sm-6\">\r\n                        <div class=\"place-item\">\r\n                        <figure class=\"gradient-overlay zoom-hover\">\r\n                          <a href=\"https:\/\/losllanosdelahuerta.com\/en\/lugares\/la-calzada-romana\/\">\r\n                            <img decoding=\"async\" src=\"https:\/\/losllanosdelahuerta.com\/wp-content\/uploads\/2022\/06\/los-llanos-de-la-huerta-senderismo-calzada-romana-720x470.jpg\" class=\"img-responsive\">\r\n                            <div class=\"place-name\">\r\n                              <h3>La Calzada Romana<\/h3>\r\n                            <\/div>\r\n                          <\/a>\r\n                        <\/figure>\r\n                      <\/div>\r\n                    <\/div>\r\n\r\n\t                                      <!-- places ITEM -->\r\n                      <div class=\"col-lg-3 col-sm-6\">\r\n                        <div class=\"place-item\">\r\n                        <figure class=\"gradient-overlay zoom-hover\">\r\n                          <a href=\"https:\/\/losllanosdelahuerta.com\/en\/lugares\/salto-del-cabrero\/\">\r\n                            <img decoding=\"async\" src=\"https:\/\/losllanosdelahuerta.com\/wp-content\/uploads\/2022\/06\/los-llanos-de-la-huerta-senderismo-salto-cabrero-720x470.jpg\" class=\"img-responsive\">\r\n                            <div class=\"place-name\">\r\n                              <h3>Salto del Cabrero<\/h3>\r\n                            <\/div>\r\n                          <\/a>\r\n                        <\/figure>\r\n                      <\/div>\r\n                    <\/div>\r\n\r\n\t                                      <!-- places ITEM -->\r\n                      <div class=\"col-lg-3 col-sm-6\">\r\n                        <div class=\"place-item\">\r\n                        <figure class=\"gradient-overlay zoom-hover\">\r\n                          <a href=\"https:\/\/losllanosdelahuerta.com\/en\/lugares\/rio-majaceite\/\">\r\n                            <img decoding=\"async\" src=\"https:\/\/losllanosdelahuerta.com\/wp-content\/uploads\/2022\/06\/los-llanos-de-la-huerta-senderismo-rio-majaceite-720x470.jpg\" class=\"img-responsive\">\r\n                            <div class=\"place-name\">\r\n                              <h3>Majaceite River<\/h3>\r\n                            <\/div>\r\n                          <\/a>\r\n                        <\/figure>\r\n                      <\/div>\r\n                    <\/div>\r\n\r\n\t                                      <!-- places ITEM -->\r\n                      <div class=\"col-lg-3 col-sm-6\">\r\n                        <div class=\"place-item\">\r\n                        <figure class=\"gradient-overlay zoom-hover\">\r\n                          <a href=\"https:\/\/losllanosdelahuerta.com\/en\/lugares\/las-huertas-de-arcos\/\">\r\n                            <img decoding=\"async\" src=\"https:\/\/losllanosdelahuerta.com\/wp-content\/uploads\/2022\/06\/los-llanos-de-la-huerta-senderismo-huertas-arcos-2-720x470.jpg\" class=\"img-responsive\">\r\n                            <div class=\"place-name\">\r\n                              <h3>Las Huertas de Arcos<\/h3>\r\n                            <\/div>\r\n                          <\/a>\r\n                        <\/figure>\r\n                      <\/div>\r\n                    <\/div>\r\n\r\n\t                \t                            <\/div>\r\n\r\n        <div class=\"vc_empty_space\"   style=\"height: 80px\"><span class=\"vc_empty_space_inner\"><\/span><\/div><\/div><\/div><\/div><\/div><div class=\"vc_row wpb_row vc_row-fluid\"><div class=\"wpb_column vc_column_container vc_col-sm-6\"><div class=\"vc_column-inner\"><div class=\"wpb_wrapper\">\t\t\t<div\r\n\t\t\t\tclass=\"main_title  text-left\">\r\n\t\t\t\t<h2 class=\"title\">Gastronomy in C\u00e1diz<\/h2>\r\n\t\t\t\t\t\t\t\t\t<p class=\"main_description\">If you are a food lover and you want to know the gastronomy of Cadiz in depth, don't miss our recommendations of restaurants in Arcos and surroundings.<\/p>\r\n\t\t\t\t\t\t\t<\/div>\r\n\t\t\r\n            <div class=\"row\">\r\n\t                                      <!-- places ITEM -->\r\n                      <div class=\"col-lg-12 col-sm-6\">\r\n                        <div class=\"place-item\">\r\n                        <figure class=\"gradient-overlay zoom-hover\">\r\n                          <a href=\"https:\/\/losllanosdelahuerta.com\/en\/lugares\/donde-comer-en-arcos-de-la-frontera-y-alrededores\/\">\r\n                            <img decoding=\"async\" src=\"https:\/\/losllanosdelahuerta.com\/wp-content\/uploads\/2022\/06\/los-llanos-de-la-huerta-gastronomia-cadiz-720x470.jpg\" class=\"img-responsive\">\r\n                            <div class=\"place-name\">\r\n                              <h3>Where to eat in and around Arcos de la Frontera?<\/h3>\r\n                            <\/div>\r\n                          <\/a>\r\n                        <\/figure>\r\n                      <\/div>\r\n                    <\/div>\r\n\r\n\t                \t                            <\/div>\r\n\r\n        <div class=\"vc_empty_space\"   style=\"height: 80px\"><span class=\"vc_empty_space_inner\"><\/span><\/div><\/div><\/div><\/div><div class=\"wpb_column vc_column_container vc_col-sm-6\"><div class=\"vc_column-inner\"><div class=\"wpb_wrapper\">\t\t\t<div\r\n\t\t\t\tclass=\"main_title  text-left\">\r\n\t\t\t\t<h2 class=\"title\">Beaches of C\u00e1diz<\/h2>\r\n\t\t\t\t\t\t\t\t\t<p class=\"main_description\">Among the beaches in the province of Cadiz are some of the best in Spain, and very close to our Los Llanos de la Huerta complex. Don't miss our list!<\/p>\r\n\t\t\t\t\t\t\t<\/div>\r\n\t\t\r\n            <div class=\"row\">\r\n\t                                      <!-- places ITEM -->\r\n                      <div class=\"col-lg-12 col-sm-6\">\r\n                        <div class=\"place-item\">\r\n                        <figure class=\"gradient-overlay zoom-hover\">\r\n                          <a href=\"https:\/\/losllanosdelahuerta.com\/en\/lugares\/las-mejores-playas-de-cadiz\/\">\r\n                            <img decoding=\"async\" src=\"https:\/\/losllanosdelahuerta.com\/wp-content\/uploads\/2022\/06\/los-llanos-de-la-huerta-mejores-playas-cadiz-720x470.jpg\" class=\"img-responsive\">\r\n                            <div class=\"place-name\">\r\n                              <h3>The best beaches in C\u00e1diz<\/h3>\r\n                            <\/div>\r\n                          <\/a>\r\n                        <\/figure>\r\n                      <\/div>\r\n                    <\/div>\r\n\r\n\t                \t                            <\/div>\r\n\r\n        <\/div><\/div><\/div><\/div>","protected":false},"excerpt":{"rendered":"Las mejores playas de la provincia de C\u00e1diz Como no puede ser de otra manera, dedicamos un apartado de nuestra web a las playas de C\u00e1diz. Si est\u00e1s en nuestro alojamiento rural en Arcos de la Frontera, debes realizar una escapada a algunas de las mejores playas de Espa\u00f1a. \u00a1Tienes que visitarlas! &nbsp; Ca\u00f1os de [...]","protected":false},"author":1,"featured_media":0,"parent":0,"menu_order":0,"comment_status":"closed","ping_status":"closed","template":"","meta":{"_joinchat":[],"footnotes":""},"class_list":["post-361","page","type-page","status-publish","hentry"],"yoast_head":"<!-- This site is optimized with the Yoast SEO plugin v25.0 - https:\/\/yoast.com\/wordpress\/plugins\/seo\/ -->\n<title>Rutas de Inter\u00e9s - Los Llanos de la Huerta<\/title>\n<meta name=\"robots\" content=\"index, follow, max-snippet:-1, max-image-preview:large, max-video-preview:-1\" \/>\n<link rel=\"canonical\" href=\"https:\/\/losllanosdelahuerta.com\/en\/rutas-de-interes\/\" \/>\n<meta property=\"og:locale\" content=\"en_GB\" \/>\n<meta property=\"og:type\" content=\"article\" \/>\n<meta property=\"og:title\" content=\"Rutas de Inter\u00e9s - Los Llanos de la Huerta\" \/>\n<meta property=\"og:url\" content=\"https:\/\/losllanosdelahuerta.com\/en\/rutas-de-interes\/\" \/>\n<meta property=\"og:site_name\" content=\"Los Llanos de la Huerta\" \/>\n<meta property=\"article:modified_time\" content=\"2022-06-30T10:31:08+00:00\" \/>\n<meta name=\"twitter:card\" content=\"summary_large_image\" \/>\n<meta name=\"twitter:label1\" content=\"Estimated reading time\" \/>\n\t<meta name=\"twitter:data1\" content=\"2 minutes\" \/>\n<script type=\"application\/ld+json\" class=\"yoast-schema-graph\">{\"@context\":\"https:\/\/schema.org\",\"@graph\":[{\"@type\":\"WebPage\",\"@id\":\"https:\/\/losllanosdelahuerta.com\/en\/rutas-de-interes\/\",\"url\":\"https:\/\/losllanosdelahuerta.com\/en\/rutas-de-interes\/\",\"name\":\"Rutas de Inter\u00e9s - Los Llanos de la Huerta\",\"isPartOf\":{\"@id\":\"http:\/\/losllanosdelahuerta.com\/#website\"},\"datePublished\":\"2022-05-21T16:14:01+00:00\",\"dateModified\":\"2022-06-30T10:31:08+00:00\",\"breadcrumb\":{\"@id\":\"https:\/\/losllanosdelahuerta.com\/en\/rutas-de-interes\/#breadcrumb\"},\"inLanguage\":\"en-GB\",\"potentialAction\":[{\"@type\":\"ReadAction\",\"target\":[\"https:\/\/losllanosdelahuerta.com\/en\/rutas-de-interes\/\"]}]},{\"@type\":\"BreadcrumbList\",\"@id\":\"https:\/\/losllanosdelahuerta.com\/en\/rutas-de-interes\/#breadcrumb\",\"itemListElement\":[{\"@type\":\"ListItem\",\"position\":1,\"name\":\"Portada\",\"item\":\"https:\/\/losllanosdelahuerta.com\/en\/\"},{\"@type\":\"ListItem\",\"position\":2,\"name\":\"Rutas de Inter\u00e9s\"}]},{\"@type\":\"WebSite\",\"@id\":\"http:\/\/losllanosdelahuerta.com\/#website\",\"url\":\"http:\/\/losllanosdelahuerta.com\/\",\"name\":\"Los Llanos de la Huerta\",\"description\":\"\",\"potentialAction\":[{\"@type\":\"SearchAction\",\"target\":{\"@type\":\"EntryPoint\",\"urlTemplate\":\"http:\/\/losllanosdelahuerta.com\/?s={search_term_string}\"},\"query-input\":{\"@type\":\"PropertyValueSpecification\",\"valueRequired\":true,\"valueName\":\"search_term_string\"}}],\"inLanguage\":\"en-GB\"}]}<\/script>\n<!-- \/ Yoast SEO plugin. -->","yoast_head_json":{"title":"Rutas de Inter\u00e9s - Los Llanos de la Huerta","robots":{"index":"index","follow":"follow","max-snippet":"max-snippet:-1","max-image-preview":"max-image-preview:large","max-video-preview":"max-video-preview:-1"},"canonical":"https:\/\/losllanosdelahuerta.com\/en\/rutas-de-interes\/","og_locale":"en_GB","og_type":"article","og_title":"Rutas de Inter\u00e9s - Los Llanos de la Huerta","og_url":"https:\/\/losllanosdelahuerta.com\/en\/rutas-de-interes\/","og_site_name":"Los Llanos de la Huerta","article_modified_time":"2022-06-30T10:31:08+00:00","twitter_card":"summary_large_image","twitter_misc":{"Estimated reading time":"2 minutes"},"schema":{"@context":"https:\/\/schema.org","@graph":[{"@type":"WebPage","@id":"https:\/\/losllanosdelahuerta.com\/en\/rutas-de-interes\/","url":"https:\/\/losllanosdelahuerta.com\/en\/rutas-de-interes\/","name":"Rutas de Inter\u00e9s - Los Llanos de la Huerta","isPartOf":{"@id":"http:\/\/losllanosdelahuerta.com\/#website"},"datePublished":"2022-05-21T16:14:01+00:00","dateModified":"2022-06-30T10:31:08+00:00","breadcrumb":{"@id":"https:\/\/losllanosdelahuerta.com\/en\/rutas-de-interes\/#breadcrumb"},"inLanguage":"en-GB","potentialAction":[{"@type":"ReadAction","target":["https:\/\/losllanosdelahuerta.com\/en\/rutas-de-interes\/"]}]},{"@type":"BreadcrumbList","@id":"https:\/\/losllanosdelahuerta.com\/en\/rutas-de-interes\/#breadcrumb","itemListElement":[{"@type":"ListItem","position":1,"name":"Portada","item":"https:\/\/losllanosdelahuerta.com\/en\/"},{"@type":"ListItem","position":2,"name":"Rutas de Inter\u00e9s"}]},{"@type":"WebSite","@id":"http:\/\/losllanosdelahuerta.com\/#website","url":"http:\/\/losllanosdelahuerta.com\/","name":"Los Llanos de la Huerta","description":"","potentialAction":[{"@type":"SearchAction","target":{"@type":"EntryPoint","urlTemplate":"http:\/\/losllanosdelahuerta.com\/?s={search_term_string}"},"query-input":{"@type":"PropertyValueSpecification","valueRequired":true,"valueName":"search_term_string"}}],"inLanguage":"en-GB"}]}},"_links":{"self":[{"href":"https:\/\/losllanosdelahuerta.com\/en\/wp-json\/wp\/v2\/pages\/361","targetHints":{"allow":["GET"]}}],"collection":[{"href":"https:\/\/losllanosdelahuerta.com\/en\/wp-json\/wp\/v2\/pages"}],"about":[{"href":"https:\/\/losllanosdelahuerta.com\/en\/wp-json\/wp\/v2\/types\/page"}],"author":[{"embeddable":true,"href":"https:\/\/losllanosdelahuerta.com\/en\/wp-json\/wp\/v2\/users\/1"}],"replies":[{"embeddable":true,"href":"https:\/\/losllanosdelahuerta.com\/en\/wp-json\/wp\/v2\/comments?post=361"}],"version-history":[{"count":17,"href":"https:\/\/losllanosdelahuerta.com\/en\/wp-json\/wp\/v2\/pages\/361\/revisions"}],"predecessor-version":[{"id":2571,"href":"https:\/\/losllanosdelahuerta.com\/en\/wp-json\/wp\/v2\/pages\/361\/revisions\/2571"}],"wp:attachment":[{"href":"https:\/\/losllanosdelahuerta.com\/en\/wp-json\/wp\/v2\/media?parent=361"}],"curies":[{"name":"wp","href":"https:\/\/api.w.org\/{rel}","templated":true}]}}