{"id":27,"date":"2022-05-20T13:08:27","date_gmt":"2022-05-20T11:08:27","guid":{"rendered":"http:\/\/demo.zantetheme.com\/?page_id=27"},"modified":"2022-07-18T14:06:25","modified_gmt":"2022-07-18T12:06:25","slug":"contacto","status":"publish","type":"page","link":"https:\/\/losllanosdelahuerta.com\/en\/contacto\/","title":{"rendered":"Contact"},"content":{"rendered":"<div class=\"vc_row wpb_row vc_row-fluid\"><div class=\"wpb_column vc_column_container vc_col-sm-12\"><div class=\"vc_column-inner\"><div class=\"wpb_wrapper\">\t\t\t<div\r\n\t\t\t\tclass=\"main_title  text-left\">\r\n\t\t\t\t<h2 class=\"title\">How to contact Llanos de la Huerta?<\/h2>\r\n\t\t\t\t\t\t\t\t\t<p class=\"main_description\">Ask for more information about our rural houses in Arcos de la Frontera<\/p>\r\n\t\t\t\t\t\t\t<\/div>\r\n\t\t<\/div><\/div><\/div><\/div><div class=\"vc_row wpb_row vc_row-fluid\"><div class=\"wpb_column vc_column_container vc_col-sm-6\"><div class=\"vc_column-inner\"><div class=\"wpb_wrapper\"><div class=\"wpb_gmaps_widget wpb_content_element\"><div class=\"wpb_wrapper\"><div class=\"wpb_map_wraper\"><iframe src=\"https:\/\/www.google.com\/maps\/embed?pb=!1m14!1m8!1m3!1d3197.105514965114!2d-5.816889382569336!3d36.74403831845644!3m2!1i1024!2i768!4f13.1!3m3!1m2!1s0x0%3A0x6378e2e90583781!2sLos%20llanos%20de%20la%20huerta!5e0!3m2!1ses!2ses!4v1658144866587!5m2!1ses!2ses\" width=\"600\" height=\"400 style=\"border:0;\" allowfullscreen=\"\" loading=\"lazy\" referrerpolicy=\"no-referrer-when-downgrade\"><\/iframe><\/div><\/div><\/div><\/div><\/div><\/div><div class=\"wpb_column vc_column_container vc_col-sm-6\"><div class=\"vc_column-inner\"><div class=\"wpb_wrapper\">           \r\n            <div class=\"row\">\r\n\t            <div class=\"image-gallery\">\r\n\r\n                   \r\n                    <!-- GALLERY ITEM -->\r\n                    <div class=\"col-lg-4 col-sm-6\">\r\n                      <figure class=\"gradient-overlay-hover icon-zoom-hover zoom-image-hover\">\r\n                                                <a href=\"https:\/\/losllanosdelahuerta.com\/wp-content\/uploads\/2022\/06\/losllanosdelahuerta-sobre-nosotros-servicio5.jpg\">\r\n                          <img decoding=\"async\" src=\"https:\/\/losllanosdelahuerta.com\/wp-content\/uploads\/2022\/06\/losllanosdelahuerta-sobre-nosotros-servicio5.jpg\" class=\"img-responsive\">\r\n                        <\/a>\r\n                                            <\/figure>\r\n                    <\/div>\r\n\r\n                    \r\n                    <!-- GALLERY ITEM -->\r\n                    <div class=\"col-lg-4 col-sm-6\">\r\n                      <figure class=\"gradient-overlay-hover icon-zoom-hover zoom-image-hover\">\r\n                                                <a href=\"https:\/\/losllanosdelahuerta.com\/wp-content\/uploads\/2022\/06\/losllanosdelahuerta-sobre-nosotros-servicio6.jpg\">\r\n                          <img decoding=\"async\" src=\"https:\/\/losllanosdelahuerta.com\/wp-content\/uploads\/2022\/06\/losllanosdelahuerta-sobre-nosotros-servicio6.jpg\" class=\"img-responsive\">\r\n                        <\/a>\r\n                                            <\/figure>\r\n                    <\/div>\r\n\r\n                    \r\n                    <!-- GALLERY ITEM -->\r\n                    <div class=\"col-lg-4 col-sm-6\">\r\n                      <figure class=\"gradient-overlay-hover icon-zoom-hover zoom-image-hover\">\r\n                                                <a href=\"https:\/\/losllanosdelahuerta.com\/wp-content\/uploads\/2022\/06\/losllanosdelahuerta-sobre-nosotros-servicio7.jpg\">\r\n                          <img decoding=\"async\" src=\"https:\/\/losllanosdelahuerta.com\/wp-content\/uploads\/2022\/06\/losllanosdelahuerta-sobre-nosotros-servicio7.jpg\" class=\"img-responsive\">\r\n                        <\/a>\r\n                                            <\/figure>\r\n                    <\/div>\r\n\r\n                    \r\n                    <!-- GALLERY ITEM -->\r\n                    <div class=\"col-lg-4 col-sm-6\">\r\n                      <figure class=\"gradient-overlay-hover icon-zoom-hover zoom-image-hover\">\r\n                                                <a href=\"https:\/\/losllanosdelahuerta.com\/wp-content\/uploads\/2022\/06\/losllanosdelahuerta-sobre-nosotros-servicio8.jpg\">\r\n                          <img decoding=\"async\" src=\"https:\/\/losllanosdelahuerta.com\/wp-content\/uploads\/2022\/06\/losllanosdelahuerta-sobre-nosotros-servicio8.jpg\" class=\"img-responsive\">\r\n                        <\/a>\r\n                                            <\/figure>\r\n                    <\/div>\r\n\r\n                    \r\n                    <!-- GALLERY ITEM -->\r\n                    <div class=\"col-lg-4 col-sm-6\">\r\n                      <figure class=\"gradient-overlay-hover icon-zoom-hover zoom-image-hover\">\r\n                                                <a href=\"https:\/\/losllanosdelahuerta.com\/wp-content\/uploads\/2022\/06\/losllanosdelahuerta-sobre-nosotros-intro1.jpg\">\r\n                          <img decoding=\"async\" src=\"https:\/\/losllanosdelahuerta.com\/wp-content\/uploads\/2022\/06\/losllanosdelahuerta-sobre-nosotros-intro1.jpg\" class=\"img-responsive\">\r\n                        <\/a>\r\n                                            <\/figure>\r\n                    <\/div>\r\n\r\n                    \r\n                    <!-- GALLERY ITEM -->\r\n                    <div class=\"col-lg-4 col-sm-6\">\r\n                      <figure class=\"gradient-overlay-hover icon-zoom-hover zoom-image-hover\">\r\n                                                <a href=\"https:\/\/losllanosdelahuerta.com\/wp-content\/uploads\/2022\/07\/los-llanos-de-la-huerta-reserva-28-mandarina-scaled.jpg\">\r\n                          <img decoding=\"async\" src=\"https:\/\/losllanosdelahuerta.com\/wp-content\/uploads\/2022\/07\/los-llanos-de-la-huerta-reserva-28-mandarina-scaled.jpg\" class=\"img-responsive\">\r\n                        <\/a>\r\n                                            <\/figure>\r\n                    <\/div>\r\n\r\n                    \r\n                    <!-- GALLERY ITEM -->\r\n                    <div class=\"col-lg-4 col-sm-6\">\r\n                      <figure class=\"gradient-overlay-hover icon-zoom-hover zoom-image-hover\">\r\n                                                <a href=\"https:\/\/losllanosdelahuerta.com\/wp-content\/uploads\/2022\/06\/losllanosdelahuerta-sobre-nosotros-intro2.jpg\">\r\n                          <img decoding=\"async\" src=\"https:\/\/losllanosdelahuerta.com\/wp-content\/uploads\/2022\/06\/losllanosdelahuerta-sobre-nosotros-intro2.jpg\" class=\"img-responsive\">\r\n                        <\/a>\r\n                                            <\/figure>\r\n                    <\/div>\r\n\r\n                    \r\n                    <!-- GALLERY ITEM -->\r\n                    <div class=\"col-lg-4 col-sm-6\">\r\n                      <figure class=\"gradient-overlay-hover icon-zoom-hover zoom-image-hover\">\r\n                                                <a href=\"https:\/\/losllanosdelahuerta.com\/wp-content\/uploads\/2022\/06\/losllanosdelahuerta-sobre-nosotros-servicio1.jpg\">\r\n                          <img decoding=\"async\" src=\"https:\/\/losllanosdelahuerta.com\/wp-content\/uploads\/2022\/06\/losllanosdelahuerta-sobre-nosotros-servicio1.jpg\" class=\"img-responsive\">\r\n                        <\/a>\r\n                                            <\/figure>\r\n                    <\/div>\r\n\r\n                    \r\n                    <!-- GALLERY ITEM -->\r\n                    <div class=\"col-lg-4 col-sm-6\">\r\n                      <figure class=\"gradient-overlay-hover icon-zoom-hover zoom-image-hover\">\r\n                                                <a href=\"https:\/\/losllanosdelahuerta.com\/wp-content\/uploads\/2022\/06\/losllanosdelahuerta-sobre-nosotros-servicio2.jpg\">\r\n                          <img decoding=\"async\" src=\"https:\/\/losllanosdelahuerta.com\/wp-content\/uploads\/2022\/06\/losllanosdelahuerta-sobre-nosotros-servicio2.jpg\" class=\"img-responsive\">\r\n                        <\/a>\r\n                                            <\/figure>\r\n                    <\/div>\r\n\r\n                    \r\n\t                \t            <\/div>\r\n            <\/div>\r\n\r\n        <\/div><\/div><\/div><\/div><div class=\"vc_row wpb_row vc_row-fluid\"><div class=\"wpb_column vc_column_container vc_col-sm-12\"><div class=\"vc_column-inner\"><div class=\"wpb_wrapper\"><div class=\"vc_empty_space\"   style=\"height: 32px\"><span class=\"vc_empty_space_inner\"><\/span><\/div>\n<div class=\"wpcf7 no-js\" id=\"wpcf7-f2631-o1\" lang=\"en-US\" dir=\"ltr\">\n<div class=\"screen-reader-response\"><p role=\"status\" aria-live=\"polite\" aria-atomic=\"true\"><\/p> <ul><\/ul><\/div>\n<form action=\"\/en\/wp-json\/wp\/v2\/pages\/27#wpcf7-f2631-o1\" method=\"post\" class=\"wpcf7-form init\" aria-label=\"Contact form\" novalidate=\"novalidate\" data-status=\"init\" data-trp-original-action=\"\/en\/wp-json\/wp\/v2\/pages\/27#wpcf7-f2631-o1\">\n<div style=\"display: none;\">\n<input type=\"hidden\" name=\"_wpcf7\" value=\"2631\" \/>\n<input type=\"hidden\" name=\"_wpcf7_version\" value=\"5.9.8\" \/>\n<input type=\"hidden\" name=\"_wpcf7_locale\" value=\"en_US\" \/>\n<input type=\"hidden\" name=\"_wpcf7_unit_tag\" value=\"wpcf7-f2631-o1\" \/>\n<input type=\"hidden\" name=\"_wpcf7_container_post\" value=\"0\" \/>\n<input type=\"hidden\" name=\"_wpcf7_posted_data_hash\" value=\"\" \/>\n<input type=\"hidden\" name=\"_wpcf7_recaptcha_response\" value=\"\" \/>\n<\/div>\n<div class=\"contact-page-form\">\n<div class=\"wpcf7-response-output\" aria-hidden=\"true\"><\/div>\n\t<div class=\"row\">\n\t\t<div class=\"form-group col-md-6\">\n\t\t\t<p><span class=\"wpcf7-form-control-wrap\" data-name=\"your-name\"><input size=\"40\" maxlength=\"400\" class=\"wpcf7-form-control wpcf7-text wpcf7-validates-as-required form-control\" aria-required=\"true\" aria-invalid=\"false\" placeholder=\"Name\" value=\"\" type=\"text\" name=\"your-name\" \/><\/span>\n\t\t\t<\/p>\n\t\t<\/div>\n\t\t<div class=\"form-group col-md-6\">\n\t\t\t<p><span class=\"wpcf7-form-control-wrap\" data-name=\"your-phone\"><input size=\"40\" maxlength=\"400\" class=\"wpcf7-form-control wpcf7-text wpcf7-validates-as-required form-control\" aria-required=\"true\" aria-invalid=\"false\" placeholder=\"Phone\" value=\"\" type=\"text\" name=\"your-phone\" \/><\/span>\n\t\t\t<\/p>\n\t\t<\/div>\n\t\t<div class=\"form-group col-md-6\">\n\t\t\t<p><span class=\"wpcf7-form-control-wrap\" data-name=\"your-email\"><input size=\"40\" maxlength=\"400\" class=\"wpcf7-form-control wpcf7-email wpcf7-validates-as-required wpcf7-text wpcf7-validates-as-email form-control\" aria-required=\"true\" aria-invalid=\"false\" placeholder=\"E-mail\" value=\"\" type=\"email\" name=\"your-email\" \/><\/span>\n\t\t\t<\/p>\n\t\t<\/div>\n\t\t<div class=\"form-group col-md-6\">\n\t\t\t<p><span class=\"wpcf7-form-control-wrap\" data-name=\"your-subject\"><input size=\"40\" maxlength=\"400\" class=\"wpcf7-form-control wpcf7-text form-control\" aria-invalid=\"false\" placeholder=\"Subject\" value=\"\" type=\"text\" name=\"your-subject\" \/><\/span>\n\t\t\t<\/p>\n\t\t<\/div>\n\t<\/div>\n\t<div class=\"form-group\">\n\t\t<p><span class=\"wpcf7-form-control-wrap\" data-name=\"your-message\"><textarea cols=\"40\" rows=\"10\" maxlength=\"2000\" class=\"wpcf7-form-control wpcf7-textarea wpcf7-validates-as-required form-control\" aria-required=\"true\" aria-invalid=\"false\" placeholder=\"Write your message...\" name=\"your-message\"><\/textarea><\/span>\n\t\t<\/p>\n\t<\/div>\n\t<p><span class=\"wpcf7-form-control-wrap\" data-name=\"acceptance-158\"><span class=\"wpcf7-form-control wpcf7-acceptance\"><span class=\"wpcf7-list-item\"><input type=\"checkbox\" name=\"acceptance-158\" value=\"1\" aria-invalid=\"false\" \/><\/span><\/span><\/span> I have read and accept the <a href=\"https:\/\/losllanosdelahuerta.com\/politica-de-privacidad-y-aviso-legal\/ \"target=\"blank\" rel=\"nofollow\"><a href=\"https:\/\/losllanosdelahuerta.com\/en\/politica-de-privacidad-y-aviso-legal\/\"><strong>Privacy Policy<\/strong><\/a><\/a>\n\t<\/p>\n<\/div>\n<p><input class=\"wpcf7-form-control wpcf7-submit has-spinner button btn-lg mt30\" type=\"submit\" value=\"Send\" \/>\n<\/p><p style=\"display: none !important;\" class=\"akismet-fields-container\" data-prefix=\"_wpcf7_ak_\"><label>&#916;<textarea name=\"_wpcf7_ak_hp_textarea\" cols=\"45\" rows=\"8\" maxlength=\"100\"><\/textarea><\/label><input type=\"hidden\" id=\"ak_js_1\" name=\"_wpcf7_ak_js\" value=\"13\"\/><script>document.getElementById( \"ak_js_1\" ).setAttribute( \"value\", ( new Date() ).getTime() );<\/script><\/p>\n<input type=\"hidden\" name=\"trp-form-language\" value=\"en\"\/><\/form>\n<\/div>\n<\/div><\/div><\/div><\/div>","protected":false},"excerpt":{"rendered":"C\u00f3mo contactar con Llanos de la Huerta Solicita m\u00e1s informaci\u00f3n sobre nuestro complejo rural en Arcos de la Frontera","protected":false},"author":1,"featured_media":0,"parent":0,"menu_order":0,"comment_status":"closed","ping_status":"closed","template":"","meta":{"_joinchat":[],"footnotes":""},"class_list":["post-27","page","type-page","status-publish","hentry"],"yoast_head":"<!-- This site is optimized with the Yoast SEO plugin v25.0 - https:\/\/yoast.com\/wordpress\/plugins\/seo\/ -->\n<title>Contacto - Los Llanos de la Huerta<\/title>\n<meta name=\"robots\" content=\"index, follow, max-snippet:-1, max-image-preview:large, max-video-preview:-1\" \/>\n<link rel=\"canonical\" href=\"https:\/\/losllanosdelahuerta.com\/en\/contacto\/\" \/>\n<meta property=\"og:locale\" content=\"en_GB\" \/>\n<meta property=\"og:type\" content=\"article\" \/>\n<meta property=\"og:title\" content=\"Contacto - Los Llanos de la Huerta\" \/>\n<meta property=\"og:url\" content=\"https:\/\/losllanosdelahuerta.com\/en\/contacto\/\" \/>\n<meta property=\"og:site_name\" content=\"Los Llanos de la Huerta\" \/>\n<meta property=\"article:modified_time\" content=\"2022-07-18T12:06:25+00:00\" \/>\n<meta name=\"twitter:card\" content=\"summary_large_image\" \/>\n<meta name=\"twitter:label1\" content=\"Estimated reading time\" \/>\n\t<meta name=\"twitter:data1\" content=\"1 minute\" \/>\n<script type=\"application\/ld+json\" class=\"yoast-schema-graph\">{\"@context\":\"https:\/\/schema.org\",\"@graph\":[{\"@type\":\"WebPage\",\"@id\":\"https:\/\/losllanosdelahuerta.com\/en\/contacto\/\",\"url\":\"https:\/\/losllanosdelahuerta.com\/en\/contacto\/\",\"name\":\"Contacto - Los Llanos de la Huerta\",\"isPartOf\":{\"@id\":\"http:\/\/losllanosdelahuerta.com\/#website\"},\"datePublished\":\"2022-05-20T11:08:27+00:00\",\"dateModified\":\"2022-07-18T12:06:25+00:00\",\"breadcrumb\":{\"@id\":\"https:\/\/losllanosdelahuerta.com\/en\/contacto\/#breadcrumb\"},\"inLanguage\":\"en-GB\",\"potentialAction\":[{\"@type\":\"ReadAction\",\"target\":[\"https:\/\/losllanosdelahuerta.com\/en\/contacto\/\"]}]},{\"@type\":\"BreadcrumbList\",\"@id\":\"https:\/\/losllanosdelahuerta.com\/en\/contacto\/#breadcrumb\",\"itemListElement\":[{\"@type\":\"ListItem\",\"position\":1,\"name\":\"Portada\",\"item\":\"https:\/\/losllanosdelahuerta.com\/en\/\"},{\"@type\":\"ListItem\",\"position\":2,\"name\":\"Contacto\"}]},{\"@type\":\"WebSite\",\"@id\":\"http:\/\/losllanosdelahuerta.com\/#website\",\"url\":\"http:\/\/losllanosdelahuerta.com\/\",\"name\":\"Los Llanos de la Huerta\",\"description\":\"\",\"potentialAction\":[{\"@type\":\"SearchAction\",\"target\":{\"@type\":\"EntryPoint\",\"urlTemplate\":\"http:\/\/losllanosdelahuerta.com\/?s={search_term_string}\"},\"query-input\":{\"@type\":\"PropertyValueSpecification\",\"valueRequired\":true,\"valueName\":\"search_term_string\"}}],\"inLanguage\":\"en-GB\"}]}<\/script>\n<!-- \/ Yoast SEO plugin. -->","yoast_head_json":{"title":"Contacto - Los Llanos de la Huerta","robots":{"index":"index","follow":"follow","max-snippet":"max-snippet:-1","max-image-preview":"max-image-preview:large","max-video-preview":"max-video-preview:-1"},"canonical":"https:\/\/losllanosdelahuerta.com\/en\/contacto\/","og_locale":"en_GB","og_type":"article","og_title":"Contacto - Los Llanos de la Huerta","og_url":"https:\/\/losllanosdelahuerta.com\/en\/contacto\/","og_site_name":"Los Llanos de la Huerta","article_modified_time":"2022-07-18T12:06:25+00:00","twitter_card":"summary_large_image","twitter_misc":{"Estimated reading time":"1 minute"},"schema":{"@context":"https:\/\/schema.org","@graph":[{"@type":"WebPage","@id":"https:\/\/losllanosdelahuerta.com\/en\/contacto\/","url":"https:\/\/losllanosdelahuerta.com\/en\/contacto\/","name":"Contacto - Los Llanos de la Huerta","isPartOf":{"@id":"http:\/\/losllanosdelahuerta.com\/#website"},"datePublished":"2022-05-20T11:08:27+00:00","dateModified":"2022-07-18T12:06:25+00:00","breadcrumb":{"@id":"https:\/\/losllanosdelahuerta.com\/en\/contacto\/#breadcrumb"},"inLanguage":"en-GB","potentialAction":[{"@type":"ReadAction","target":["https:\/\/losllanosdelahuerta.com\/en\/contacto\/"]}]},{"@type":"BreadcrumbList","@id":"https:\/\/losllanosdelahuerta.com\/en\/contacto\/#breadcrumb","itemListElement":[{"@type":"ListItem","position":1,"name":"Portada","item":"https:\/\/losllanosdelahuerta.com\/en\/"},{"@type":"ListItem","position":2,"name":"Contacto"}]},{"@type":"WebSite","@id":"http:\/\/losllanosdelahuerta.com\/#website","url":"http:\/\/losllanosdelahuerta.com\/","name":"Los Llanos de la Huerta","description":"","potentialAction":[{"@type":"SearchAction","target":{"@type":"EntryPoint","urlTemplate":"http:\/\/losllanosdelahuerta.com\/?s={search_term_string}"},"query-input":{"@type":"PropertyValueSpecification","valueRequired":true,"valueName":"search_term_string"}}],"inLanguage":"en-GB"}]}},"_links":{"self":[{"href":"https:\/\/losllanosdelahuerta.com\/en\/wp-json\/wp\/v2\/pages\/27","targetHints":{"allow":["GET"]}}],"collection":[{"href":"https:\/\/losllanosdelahuerta.com\/en\/wp-json\/wp\/v2\/pages"}],"about":[{"href":"https:\/\/losllanosdelahuerta.com\/en\/wp-json\/wp\/v2\/types\/page"}],"author":[{"embeddable":true,"href":"https:\/\/losllanosdelahuerta.com\/en\/wp-json\/wp\/v2\/users\/1"}],"replies":[{"embeddable":true,"href":"https:\/\/losllanosdelahuerta.com\/en\/wp-json\/wp\/v2\/comments?post=27"}],"version-history":[{"count":19,"href":"https:\/\/losllanosdelahuerta.com\/en\/wp-json\/wp\/v2\/pages\/27\/revisions"}],"predecessor-version":[{"id":2639,"href":"https:\/\/losllanosdelahuerta.com\/en\/wp-json\/wp\/v2\/pages\/27\/revisions\/2639"}],"wp:attachment":[{"href":"https:\/\/losllanosdelahuerta.com\/en\/wp-json\/wp\/v2\/media?parent=27"}],"curies":[{"name":"wp","href":"https:\/\/api.w.org\/{rel}","templated":true}]}}